{"id":4147,"date":"2021-06-22T14:23:18","date_gmt":"2021-06-22T12:23:18","guid":{"rendered":"https:\/\/www.tierisch-vermisst.de\/?page_id=4147"},"modified":"2025-07-16T22:24:12","modified_gmt":"2025-07-16T20:24:12","slug":"impressum","status":"publish","type":"page","link":"https:\/\/www.tierarztpraxis-geldern.de\/gtp\/impressum\/","title":{"rendered":"Impressum"},"content":{"rendered":"\t\t<div data-elementor-type=\"wp-page\" data-elementor-id=\"4147\" class=\"elementor elementor-4147\" data-elementor-post-type=\"page\">\n\t\t\t\t\t\t<section class=\"elementor-section elementor-top-section elementor-element elementor-element-3993c594 elementor-section-full_width elementor-section-height-min-height elementor-section-height-default elementor-section-items-middle\" data-id=\"3993c594\" data-element_type=\"section\">\n\t\t\t\t\t\t\t<div class=\"elementor-background-overlay\"><\/div>\n\t\t\t\t\t\t\t<div class=\"elementor-container elementor-column-gap-no\">\n\t\t\t\t\t<div class=\"elementor-column elementor-col-100 elementor-top-column elementor-element elementor-element-1106c403\" data-id=\"1106c403\" data-element_type=\"column\">\n\t\t\t<div class=\"elementor-widget-wrap\">\n\t\t\t\t\t\t\t<\/div>\n\t\t<\/div>\n\t\t\t\t\t<\/div>\n\t\t<\/section>\n\t\t\t\t<section class=\"elementor-section elementor-top-section elementor-element elementor-element-9e4373e elementor-section-content-bottom elementor-section-boxed elementor-section-height-default elementor-section-height-default\" data-id=\"9e4373e\" data-element_type=\"section\" data-settings=\"{&quot;background_background&quot;:&quot;classic&quot;}\">\n\t\t\t\t\t\t<div class=\"elementor-container elementor-column-gap-wider\">\n\t\t\t\t\t<div class=\"elementor-column elementor-col-50 elementor-top-column elementor-element elementor-element-e562dbe\" data-id=\"e562dbe\" data-element_type=\"column\">\n\t\t\t<div class=\"elementor-widget-wrap elementor-element-populated\">\n\t\t\t\t\t\t<div class=\"elementor-element elementor-element-a4e3e03 elementor-widget elementor-widget-heading\" data-id=\"a4e3e03\" data-element_type=\"widget\" data-widget_type=\"heading.default\">\n\t\t\t\t<div class=\"elementor-widget-container\">\n\t\t\t\t\t<h2 class=\"elementor-heading-title elementor-size-large\">Tierarztpraxis Am Kapellhof<\/h2>\t\t\t\t<\/div>\n\t\t\t\t<\/div>\n\t\t\t\t<div class=\"elementor-element elementor-element-e91a6b1 elementor-icon-list--layout-traditional elementor-list-item-link-full_width elementor-widget elementor-widget-icon-list\" data-id=\"e91a6b1\" data-element_type=\"widget\" data-widget_type=\"icon-list.default\">\n\t\t\t\t<div class=\"elementor-widget-container\">\n\t\t\t\t\t\t\t<ul class=\"elementor-icon-list-items\">\n\t\t\t\t\t\t\t<li class=\"elementor-icon-list-item\">\n\t\t\t\t\t\t\t\t\t\t\t<span class=\"elementor-icon-list-icon\">\n\t\t\t\t\t\t\t<i aria-hidden=\"true\" class=\"fas fa-user-md\"><\/i>\t\t\t\t\t\t<\/span>\n\t\t\t\t\t\t\t\t\t\t<span class=\"elementor-icon-list-text\">Dr. med. vet. Lutz Brimmers<\/span>\n\t\t\t\t\t\t\t\t\t<\/li>\n\t\t\t\t\t\t\t\t<li class=\"elementor-icon-list-item\">\n\t\t\t\t\t\t\t\t\t\t\t<span class=\"elementor-icon-list-icon\">\n\t\t\t\t\t\t\t<i aria-hidden=\"true\" class=\"fas fa-user-md\"><\/i>\t\t\t\t\t\t<\/span>\n\t\t\t\t\t\t\t\t\t\t<span class=\"elementor-icon-list-text\">Dr. med. vet. Norbert Diepers<\/span>\n\t\t\t\t\t\t\t\t\t<\/li>\n\t\t\t\t\t\t\t\t<li class=\"elementor-icon-list-item\">\n\t\t\t\t\t\t\t\t\t\t\t<span class=\"elementor-icon-list-icon\">\n\t\t\t\t\t\t\t<i aria-hidden=\"true\" class=\"fas fa-user-md\"><\/i>\t\t\t\t\t\t<\/span>\n\t\t\t\t\t\t\t\t\t\t<span class=\"elementor-icon-list-text\">Tierarzt Toni L\u00f6rcks<\/span>\n\t\t\t\t\t\t\t\t\t<\/li>\n\t\t\t\t\t\t\t\t<li class=\"elementor-icon-list-item\">\n\t\t\t\t\t\t\t\t\t\t\t<span class=\"elementor-icon-list-icon\">\n\t\t\t\t\t\t\t<i aria-hidden=\"true\" class=\"fas fa-user-md\"><\/i>\t\t\t\t\t\t<\/span>\n\t\t\t\t\t\t\t\t\t\t<span class=\"elementor-icon-list-text\">Dr. med. vet. Michael Kleinmans<\/span>\n\t\t\t\t\t\t\t\t\t<\/li>\n\t\t\t\t\t\t\t\t<li class=\"elementor-icon-list-item\">\n\t\t\t\t\t\t\t\t\t\t\t<span class=\"elementor-icon-list-icon\">\n\t\t\t\t\t\t\t<i aria-hidden=\"true\" class=\"fas fa-map-marker-alt\"><\/i>\t\t\t\t\t\t<\/span>\n\t\t\t\t\t\t\t\t\t\t<span class=\"elementor-icon-list-text\">Am Kapellhof 13 | 47608 Geldern<\/span>\n\t\t\t\t\t\t\t\t\t<\/li>\n\t\t\t\t\t\t\t\t<li class=\"elementor-icon-list-item\">\n\t\t\t\t\t\t\t\t\t\t\t<span class=\"elementor-icon-list-icon\">\n\t\t\t\t\t\t\t<i aria-hidden=\"true\" class=\" icomoon-the7-font-the7-phone-06\"><\/i>\t\t\t\t\t\t<\/span>\n\t\t\t\t\t\t\t\t\t\t<span class=\"elementor-icon-list-text\">Tel.:  02831 - 97 66 50<\/span>\n\t\t\t\t\t\t\t\t\t<\/li>\n\t\t\t\t\t\t\t\t<li class=\"elementor-icon-list-item\">\n\t\t\t\t\t\t\t\t\t\t\t<span class=\"elementor-icon-list-icon\">\n\t\t\t\t\t\t\t<i aria-hidden=\"true\" class=\"fas fa-fax\"><\/i>\t\t\t\t\t\t<\/span>\n\t\t\t\t\t\t\t\t\t\t<span class=\"elementor-icon-list-text\">Fax: 02831 - 97 66 510<\/span>\n\t\t\t\t\t\t\t\t\t<\/li>\n\t\t\t\t\t\t\t\t<li class=\"elementor-icon-list-item\">\n\t\t\t\t\t\t\t\t\t\t\t<a href=\"mailto:info@tierarztpraxis-geldern.de\">\n\n\t\t\t\t\t\t\t\t\t\t\t\t<span class=\"elementor-icon-list-icon\">\n\t\t\t\t\t\t\t<i aria-hidden=\"true\" class=\" icomoon-the7-font-the7-mail-05\"><\/i>\t\t\t\t\t\t<\/span>\n\t\t\t\t\t\t\t\t\t\t<span class=\"elementor-icon-list-text\"> info@tierarztpraxis-geldern.de<\/span>\n\t\t\t\t\t\t\t\t\t\t\t<\/a>\n\t\t\t\t\t\t\t\t\t<\/li>\n\t\t\t\t\t\t<\/ul>\n\t\t\t\t\t\t<\/div>\n\t\t\t\t<\/div>\n\t\t\t\t<div class=\"elementor-element elementor-element-5d62373 elementor-widget elementor-widget-spacer\" data-id=\"5d62373\" data-element_type=\"widget\" data-widget_type=\"spacer.default\">\n\t\t\t\t<div class=\"elementor-widget-container\">\n\t\t\t\t\t\t\t<div class=\"elementor-spacer\">\n\t\t\t<div class=\"elementor-spacer-inner\"><\/div>\n\t\t<\/div>\n\t\t\t\t\t\t<\/div>\n\t\t\t\t<\/div>\n\t\t\t\t<div class=\"elementor-element elementor-element-f827c9e elementor-widget elementor-widget-text-editor\" data-id=\"f827c9e\" data-element_type=\"widget\" data-widget_type=\"text-editor.default\">\n\t\t\t\t<div class=\"elementor-widget-container\">\n\t\t\t\t\t\t\t\t\t<p><strong>Approbationen:<\/strong><br \/>Dr. Diepers &#8211; 1998 Hannover<br \/>TA. L\u00f6rcks &#8211; 2008 Leipzig<br \/>Dr. Brimmers &#8211; 2018 Hannover<br \/>Dr. Kleinmanns &#8211; 2017 Hannover<\/p><p><strong>Approbationsbeh\u00f6rden:<\/strong><br \/>Bezirksregierung Hannover<br \/>S\u00e4chsisches Staatsministerium f\u00fcr Soziales und Gesellschaftlichen Zusammenhalt<\/p><p><strong>Berufshaftpflicht:<\/strong><br \/>Alte Leipziger<\/p><p><strong>Zust\u00e4ndige Kammer und Schlichtungsbeh\u00f6rde: <\/strong><br \/>Tier\u00e4rztekammer Nordrhein<br \/>St. T\u00f6niser Str. 15 | 47906 Kempen<br \/><a href=\"http:\/\/www.tieraerztekammer-nordrhein.de\" target=\"_blank\" rel=\"noopener\">www.tieraerztekammer-nordrhein.de<\/a><\/p><h4><strong>Verbraucher\u00adstreit\u00adbeilegung\/Universal\u00adschlichtungs\u00adstelle<\/strong><\/h4><p>Wir sind nicht bereit oder verpflichtet, an Streitbeilegungsverfahren vor einer Verbraucherschlichtungsstelle teilzunehmen.<\/p>\t\t\t\t\t\t\t\t<\/div>\n\t\t\t\t<\/div>\n\t\t\t\t\t<\/div>\n\t\t<\/div>\n\t\t\t\t<div class=\"elementor-column elementor-col-50 elementor-top-column elementor-element elementor-element-835099b\" data-id=\"835099b\" data-element_type=\"column\">\n\t\t\t<div class=\"elementor-widget-wrap elementor-element-populated\">\n\t\t\t\t\t\t<div class=\"elementor-element elementor-element-e277a99 elementor-widget elementor-widget-text-editor\" data-id=\"e277a99\" data-element_type=\"widget\" data-widget_type=\"text-editor.default\">\n\t\t\t\t<div class=\"elementor-widget-container\">\n\t\t\t\t\t\t\t\t\t<h4>Berufsrechtliche Regelungen<\/h4><p>Die Berufsordnung der Tier\u00e4rztekammer Nordrhein und das Heilberufsgesetz f\u00fcr das Land Nordrhein-Westfalen sind bei der Tier\u00e4rztekammer Nordrhein abrufbar.<a href=\"https:\/\/www.bundestieraerztekammer.de\/btk\/musterordnungen\/\" target=\"_blank\" rel=\"noopener\"> Zur Bundestier\u00e4rzteordnung (BT\u00c4O) <\/a>\u00bb<\/p><h4>Honorierung unserer Leistungen<\/h4><p>Die Abrechnung erfolgt auf Grundlage der Geb\u00fchrenordnung f\u00fcr Tier\u00e4rzte (GOT) vom 28. Juli 1999 (BGBl.lS.1691 ff) unter Ber\u00fccksichtigung der 1. Verordnung zur \u00c4nderung der GOT vom 27. April 2005 (BGBl.lS.1160) sowie der 2. Verordnung zur \u00c4nderung der GOT vom 30. Juni 2008 (BGBl.lS.1105ff). Diese kann auf Wunsch jederzeit eingesehen werden: <a href=\"https:\/\/www.bundestieraerztekammer.de\/tieraerzte\/beruf\/got\/\" target=\"_blank\" rel=\"noopener\">Geb\u00fchrenordnung f\u00fcr Tier\u00e4rzte (GOT)<\/a>.<\/p><h4>Haftungshinweis<\/h4><p>Mit Urteil vom 12. Mai 1998 hat das Landgericht Hamburg entschieden, dass man durch die Anbringung und Verwendung von Links (Verkn\u00fcpfungen) zu anderen Internetseiten deren Inhalte ggf. mit zu verantworten hat. Trotz sorgf\u00e4ltiger inhaltlicher Kontrolle \u00fcbernehmen wir keine Haftung f\u00fcr die Inhalte externer Links. F\u00fcr den Inhalt der verlinkten Seiten sind ausschlie\u00dflich deren Betreiber verantwortlich.<\/p><h4>Bestimmungen und Vorschriften<\/h4><p>Die Homepage der Tierarztpraxis Am Kapellhof entspricht den Vorschriften der Tier\u00e4rztekammer Nordrhein. Die gemachten Angaben stellt die Tierarztpraxis Am Kapellhof nicht werbend heraus und begrenzt sich auf sachliche Inhalte.<\/p><p>Der Betreiber dieser Webseite (s. oben) erkl\u00e4rt: Unsere Webseiten d\u00fcrfen ohne unsere schriftliche Einwilligung NICHT kopiert und in sonstiger Weise (Druck, Foto, Screenshot, etc.) reproduziert werden. Alle in diesen Internetseiten enthaltenen Angaben und Informationen wurden sorgf\u00e4ltig recherchiert und gepr\u00fcft. Trotzdem k\u00f6nnen sich Daten und Fakten inzwischen ver\u00e4ndert haben. Wir \u00fcbernehmen deshalb keine Garantie daf\u00fcr, dass die Angaben vollst\u00e4ndig, richtig und in jedem Falle aktuell sind.<\/p>\t\t\t\t\t\t\t\t<\/div>\n\t\t\t\t<\/div>\n\t\t\t\t\t<\/div>\n\t\t<\/div>\n\t\t\t\t\t<\/div>\n\t\t<\/section>\n\t\t\t\t<section class=\"elementor-section elementor-top-section elementor-element elementor-element-90a4d31 elementor-section-boxed elementor-section-height-default elementor-section-height-default\" data-id=\"90a4d31\" data-element_type=\"section\">\n\t\t\t\t\t\t\t<div class=\"elementor-background-overlay\"><\/div>\n\t\t\t\t\t\t\t<div class=\"elementor-container elementor-column-gap-default\">\n\t\t\t\t\t<div class=\"elementor-column elementor-col-100 elementor-top-column elementor-element elementor-element-0f8bbe2\" data-id=\"0f8bbe2\" data-element_type=\"column\">\n\t\t\t<div class=\"elementor-widget-wrap elementor-element-populated\">\n\t\t\t\t\t\t<section class=\"elementor-section elementor-inner-section elementor-element elementor-element-1b20187 elementor-section-boxed elementor-section-height-default elementor-section-height-default\" data-id=\"1b20187\" data-element_type=\"section\">\n\t\t\t\t\t\t<div class=\"elementor-container elementor-column-gap-default\">\n\t\t\t\t\t<div class=\"elementor-column elementor-col-50 elementor-inner-column elementor-element elementor-element-fd2aaf9\" data-id=\"fd2aaf9\" data-element_type=\"column\">\n\t\t\t<div class=\"elementor-widget-wrap elementor-element-populated\">\n\t\t\t\t\t\t<div class=\"elementor-element elementor-element-6d5b9dc elementor-icon-list--layout-inline elementor-align-center elementor-widget__width-initial elementor-list-item-link-full_width elementor-widget elementor-widget-icon-list\" data-id=\"6d5b9dc\" data-element_type=\"widget\" data-widget_type=\"icon-list.default\">\n\t\t\t\t<div class=\"elementor-widget-container\">\n\t\t\t\t\t\t\t<ul class=\"elementor-icon-list-items elementor-inline-items\">\n\t\t\t\t\t\t\t<li class=\"elementor-icon-list-item elementor-inline-item\">\n\t\t\t\t\t\t\t\t\t\t\t<span class=\"elementor-icon-list-icon\">\n\t\t\t\t\t\t\t<i aria-hidden=\"true\" class=\"fas fa-pen-alt\"><\/i>\t\t\t\t\t\t<\/span>\n\t\t\t\t\t\t\t\t\t\t<span class=\"elementor-icon-list-text\">Konzeption<\/span>\n\t\t\t\t\t\t\t\t\t<\/li>\n\t\t\t\t\t\t<\/ul>\n\t\t\t\t\t\t<\/div>\n\t\t\t\t<\/div>\n\t\t\t\t<div class=\"elementor-element elementor-element-35febd4 elementor-widget__width-initial elementor-position-top elementor-widget elementor-widget-image-box\" data-id=\"35febd4\" data-element_type=\"widget\" data-widget_type=\"image-box.default\">\n\t\t\t\t<div class=\"elementor-widget-container\">\n\t\t\t\t\t<div class=\"elementor-image-box-wrapper\"><figure class=\"elementor-image-box-img\"><a href=\"https:\/\/www.presse-punkt.de\" target=\"_blank\" tabindex=\"-1\"><img decoding=\"async\" width=\"189\" height=\"50\" src=\"https:\/\/www.tierarztpraxis-geldern.de\/gtp\/wp-content\/uploads\/2021\/01\/Presse-Punkt_Logo.png\" class=\"elementor-animation-grow attachment-full size-full wp-image-4493\" alt=\"\" \/><\/a><\/figure><div class=\"elementor-image-box-content\"><h3 class=\"elementor-image-box-title\"><a href=\"https:\/\/www.presse-punkt.de\" target=\"_blank\">Presse Punkt, Grefrath<\/a><\/h3><p class=\"elementor-image-box-description\">www.presse-punkt.de<\/p><\/div><\/div>\t\t\t\t<\/div>\n\t\t\t\t<\/div>\n\t\t\t\t\t<\/div>\n\t\t<\/div>\n\t\t\t\t<div class=\"elementor-column elementor-col-50 elementor-inner-column elementor-element elementor-element-a91fd34\" data-id=\"a91fd34\" data-element_type=\"column\">\n\t\t\t<div class=\"elementor-widget-wrap elementor-element-populated\">\n\t\t\t\t\t\t<div class=\"elementor-element elementor-element-59f6244 elementor-icon-list--layout-inline elementor-align-center elementor-list-item-link-full_width elementor-widget elementor-widget-icon-list\" data-id=\"59f6244\" data-element_type=\"widget\" data-widget_type=\"icon-list.default\">\n\t\t\t\t<div class=\"elementor-widget-container\">\n\t\t\t\t\t\t\t<ul class=\"elementor-icon-list-items elementor-inline-items\">\n\t\t\t\t\t\t\t<li class=\"elementor-icon-list-item elementor-inline-item\">\n\t\t\t\t\t\t\t\t\t\t\t<span class=\"elementor-icon-list-icon\">\n\t\t\t\t\t\t\t<i aria-hidden=\"true\" class=\"fas fa-paint-brush\"><\/i>\t\t\t\t\t\t<\/span>\n\t\t\t\t\t\t\t\t\t\t<span class=\"elementor-icon-list-text\">Design<\/span>\n\t\t\t\t\t\t\t\t\t<\/li>\n\t\t\t\t\t\t<\/ul>\n\t\t\t\t\t\t<\/div>\n\t\t\t\t<\/div>\n\t\t\t\t\t<\/div>\n\t\t<\/div>\n\t\t\t\t\t<\/div>\n\t\t<\/section>\n\t\t\t\t\t<\/div>\n\t\t<\/div>\n\t\t\t\t\t<\/div>\n\t\t<\/section>\n\t\t\t\t<section class=\"elementor-section elementor-top-section elementor-element elementor-element-91853d4 elementor-section-boxed elementor-section-height-default elementor-section-height-default\" data-id=\"91853d4\" data-element_type=\"section\">\n\t\t\t\t\t\t<div class=\"elementor-container elementor-column-gap-default\">\n\t\t\t\t\t<div class=\"elementor-column elementor-col-100 elementor-top-column elementor-element elementor-element-1757e03\" data-id=\"1757e03\" data-element_type=\"column\">\n\t\t\t<div class=\"elementor-widget-wrap elementor-element-populated\">\n\t\t\t\t\t\t<div class=\"elementor-element elementor-element-256f4d3 elementor-icon-list--layout-inline elementor-align-center elementor-list-item-link-full_width elementor-widget elementor-widget-icon-list\" data-id=\"256f4d3\" data-element_type=\"widget\" data-widget_type=\"icon-list.default\">\n\t\t\t\t<div class=\"elementor-widget-container\">\n\t\t\t\t\t\t\t<ul class=\"elementor-icon-list-items elementor-inline-items\">\n\t\t\t\t\t\t\t<li class=\"elementor-icon-list-item elementor-inline-item\">\n\t\t\t\t\t\t\t\t\t\t\t<span class=\"elementor-icon-list-icon\">\n\t\t\t\t\t\t\t<i aria-hidden=\"true\" class=\"fas fa-camera-retro\"><\/i>\t\t\t\t\t\t<\/span>\n\t\t\t\t\t\t\t\t\t\t<span class=\"elementor-icon-list-text\">Bildrechte<\/span>\n\t\t\t\t\t\t\t\t\t<\/li>\n\t\t\t\t\t\t<\/ul>\n\t\t\t\t\t\t<\/div>\n\t\t\t\t<\/div>\n\t\t\t\t<div class=\"elementor-element elementor-element-0f56b8f elementor-widget elementor-widget-text-editor\" data-id=\"0f56b8f\" data-element_type=\"widget\" data-widget_type=\"text-editor.default\">\n\t\t\t\t<div class=\"elementor-widget-container\">\n\t\t\t\t\t\t\t\t\t<p>\u00a9 Tierarztpraxis Am Kapellhof<\/p><p>\u00a9 Babette Schwob (pfotenblitzer.de)<\/p><p>288001418 \u00a9 Happy Art (AdobeStock)<\/p><p>291309341 \u00a9 Happy Art (AdobeStock)<\/p><p>290419576 \u00a9 Happy Art (AdobeStock)<\/p><p>84411307 \u00a9 DoraZett (AdobeStock)<\/p><p>408031723 \u00a9 yta (AdobeStock)<\/p><p>68495444 \u00a9 javier brosch (AdobeStock)<\/p><p>443495933 \u00a9 Sandra (AdobeStock)<\/p><p>295831228 \u00a9 ooddysmile (AdobeStock)<\/p><p>187577407 \u00a9 chendongshan (AdobeStock)<\/p><p>343536065 \u00a9 Pavol Klimek (AdobeStock)<\/p><p>211878265 \u00a9 chendongshan (AdobeStock)<\/p><p>272148053 \u00a9 \u041e\u043b\u044c\u0433\u0430 \u0413\u0443\u0440\u044c\u044f\u043d\u043e\u0432\u0430 (AdobeStock)<\/p><p>187577407 \u00a9 chendongshan (AdobeStock)<\/p><p>168043486 \u00a9 brszattila (AdobeStock)<\/p><p>1123882 \u00a9 Pieter Bregman (AdobeStock)<\/p><p>26695458 \u00a9 Dixi (AdobeStock)<\/p><p>41057125 \u00a9 Lorenzo_Ferrucci (AdobeStock)<\/p><p>291039089 \u00a9 Cavan (AdobeStock)<\/p><p>324012387 \u00a9 \u0422\u0430\u0442\u044c\u044f\u043d\u0430 \u041a\u043e\u043c\u0447\u0430\u0442\u043d\u044b\u0445 (AdobeStock)<\/p><p>208700005 \u00a9 shchus (AdobeStock)<\/p><p>166954208 \u00a9 nimon_t (AdobeStock)<\/p><p>303088388 \u00a9 Emanuelle (AdobeStock)<\/p><p>36748391 \u00a9 janecat (Fotolia.com)<\/p><p>70002092 \u00a9 Countrypixel (AdobeStock)<\/p><p>69287137 \u00a9 pelooyen (AdobeStock)<\/p><p>117501820 \u00a9 Carola Schubbel (AdobeStock)<\/p><p>60521939 \u00a9 Mazur Travel (AdobeStock)<\/p><p>38319832 \u00a9 gozzoli (AdobeStock)<\/p><p>37969491 \u00a9 contrastwerkstatt (AdobeStock)<\/p><p>89778358 \u00a9 Africa Studio (AdobeStock)<\/p>\t\t\t\t\t\t\t\t<\/div>\n\t\t\t\t<\/div>\n\t\t\t\t\t<\/div>\n\t\t<\/div>\n\t\t\t\t\t<\/div>\n\t\t<\/section>\n\t\t\t\t<section class=\"elementor-section elementor-top-section elementor-element elementor-element-2ec6a69f elementor-section-full_width elementor-section-height-min-height elementor-section-height-default elementor-section-items-middle\" data-id=\"2ec6a69f\" data-element_type=\"section\">\n\t\t\t\t\t\t\t<div class=\"elementor-background-overlay\"><\/div>\n\t\t\t\t\t\t\t<div class=\"elementor-container elementor-column-gap-no\">\n\t\t\t\t\t<div class=\"elementor-column elementor-col-100 elementor-top-column elementor-element elementor-element-7d21e53f\" data-id=\"7d21e53f\" data-element_type=\"column\">\n\t\t\t<div class=\"elementor-widget-wrap\">\n\t\t\t\t\t\t\t<\/div>\n\t\t<\/div>\n\t\t\t\t\t<\/div>\n\t\t<\/section>\n\t\t\t\t<\/div>\n\t\t","protected":false},"excerpt":{"rendered":"<p>Tierarztpraxis Am Kapellhof Dr. med. vet. Lutz Brimmers Dr. med. vet. Norbert Diepers Tierarzt Toni L\u00f6rcks Dr. med. vet. Michael Kleinmans Am Kapellhof 13 | 47608 Geldern Tel.: 02831 &#8211; 97 66 50 Fax: 02831 &#8211; 97 66 510 info@tierarztpraxis-geldern.de Approbationen:Dr. Diepers &#8211; 1998 HannoverTA. L\u00f6rcks &#8211; 2008 LeipzigDr. Brimmers &#8211; 2018 HannoverDr. Kleinmanns &#8211;&hellip;<\/p>\n","protected":false},"author":3,"featured_media":8148,"parent":0,"menu_order":9,"comment_status":"closed","ping_status":"closed","template":"elementor_header_footer","meta":{"footnotes":""},"class_list":["post-4147","page","type-page","status-publish","has-post-thumbnail","hentry"],"publishpress_future_action":{"enabled":false,"date":"2026-04-24 10:09:24","action":"change-status","newStatus":"draft","terms":[],"taxonomy":"","extraData":[]},"publishpress_future_workflow_manual_trigger":{"enabledWorkflows":[]},"_links":{"self":[{"href":"https:\/\/www.tierarztpraxis-geldern.de\/gtp\/wp-json\/wp\/v2\/pages\/4147","targetHints":{"allow":["GET"]}}],"collection":[{"href":"https:\/\/www.tierarztpraxis-geldern.de\/gtp\/wp-json\/wp\/v2\/pages"}],"about":[{"href":"https:\/\/www.tierarztpraxis-geldern.de\/gtp\/wp-json\/wp\/v2\/types\/page"}],"author":[{"embeddable":true,"href":"https:\/\/www.tierarztpraxis-geldern.de\/gtp\/wp-json\/wp\/v2\/users\/3"}],"replies":[{"embeddable":true,"href":"https:\/\/www.tierarztpraxis-geldern.de\/gtp\/wp-json\/wp\/v2\/comments?post=4147"}],"version-history":[{"count":96,"href":"https:\/\/www.tierarztpraxis-geldern.de\/gtp\/wp-json\/wp\/v2\/pages\/4147\/revisions"}],"predecessor-version":[{"id":8323,"href":"https:\/\/www.tierarztpraxis-geldern.de\/gtp\/wp-json\/wp\/v2\/pages\/4147\/revisions\/8323"}],"wp:featuredmedia":[{"embeddable":true,"href":"https:\/\/www.tierarztpraxis-geldern.de\/gtp\/wp-json\/wp\/v2\/media\/8148"}],"wp:attachment":[{"href":"https:\/\/www.tierarztpraxis-geldern.de\/gtp\/wp-json\/wp\/v2\/media?parent=4147"}],"curies":[{"name":"wp","href":"https:\/\/api.w.org\/{rel}","templated":true}]}}